{"id":1019,"date":"2023-07-21T08:53:39","date_gmt":"2023-07-21T08:53:39","guid":{"rendered":"https:\/\/bierdeckeli.ch\/?page_id=1019"},"modified":"2023-12-14T09:26:59","modified_gmt":"2023-12-14T09:26:59","slug":"bierdeckeli2","status":"publish","type":"page","link":"https:\/\/bierdeckeli.ch\/","title":{"rendered":"Bierdeckeli"},"content":{"rendered":"\t\t<div data-elementor-type=\"wp-page\" data-elementor-id=\"1019\" class=\"elementor elementor-1019\" data-elementor-post-type=\"page\">\n\t\t\t\t\t\t\t<div class=\"elementor-element elementor-element-7641dd3 e-con-full elementor-hidden-mobile e-flex e-con e-parent\" data-id=\"7641dd3\" data-element_type=\"container\" data-settings=\"{&quot;content_width&quot;:&quot;full&quot;,&quot;background_background&quot;:&quot;gradient&quot;}\" data-core-v316-plus=\"true\">\n\t\t\t\t<div class=\"elementor-element elementor-element-68f60c7 elementor-widget elementor-widget-image\" data-id=\"68f60c7\" data-element_type=\"widget\" data-widget_type=\"image.default\">\n\t\t\t\t<div class=\"elementor-widget-container\">\n\t\t\t<style>\/*! elementor - v3.18.0 - 08-12-2023 *\/\n.elementor-widget-image{text-align:center}.elementor-widget-image a{display:inline-block}.elementor-widget-image a img[src$=\".svg\"]{width:48px}.elementor-widget-image img{vertical-align:middle;display:inline-block}<\/style>\t\t\t\t\t\t\t\t\t\t\t\t<img fetchpriority=\"high\" decoding=\"async\" width=\"2000\" height=\"1607\" src=\"https:\/\/bierdeckeli.ch\/wp-content\/uploads\/2023\/07\/bierdeckeli-werbung-high-resolution-logo-color-on-transparent-background.png\" class=\"attachment-full size-full wp-image-566\" alt=\"\" srcset=\"https:\/\/bierdeckeli.ch\/wp-content\/uploads\/2023\/07\/bierdeckeli-werbung-high-resolution-logo-color-on-transparent-background.png 2000w, https:\/\/bierdeckeli.ch\/wp-content\/uploads\/2023\/07\/bierdeckeli-werbung-high-resolution-logo-color-on-transparent-background-300x241.png 300w, https:\/\/bierdeckeli.ch\/wp-content\/uploads\/2023\/07\/bierdeckeli-werbung-high-resolution-logo-color-on-transparent-background-1024x823.png 1024w, https:\/\/bierdeckeli.ch\/wp-content\/uploads\/2023\/07\/bierdeckeli-werbung-high-resolution-logo-color-on-transparent-background-768x617.png 768w, https:\/\/bierdeckeli.ch\/wp-content\/uploads\/2023\/07\/bierdeckeli-werbung-high-resolution-logo-color-on-transparent-background-1536x1234.png 1536w\" sizes=\"(max-width: 2000px) 100vw, 2000px\" \/>\t\t\t\t\t\t\t\t\t\t\t\t\t\t\t<\/div>\n\t\t\t\t<\/div>\n\t\t\t\t<\/div>\n\t\t<div class=\"elementor-element elementor-element-f027d8e e-con-full elementor-hidden-desktop elementor-hidden-tablet e-flex e-con e-parent\" data-id=\"f027d8e\" data-element_type=\"container\" data-settings=\"{&quot;content_width&quot;:&quot;full&quot;,&quot;background_background&quot;:&quot;gradient&quot;}\" data-core-v316-plus=\"true\">\n\t\t\t\t<div class=\"elementor-element elementor-element-ae40367 elementor-widget elementor-widget-image\" data-id=\"ae40367\" data-element_type=\"widget\" data-widget_type=\"image.default\">\n\t\t\t\t<div class=\"elementor-widget-container\">\n\t\t\t\t\t\t\t\t\t\t\t\t\t\t\t<img fetchpriority=\"high\" decoding=\"async\" width=\"2000\" height=\"1607\" src=\"https:\/\/bierdeckeli.ch\/wp-content\/uploads\/2023\/07\/bierdeckeli-werbung-high-resolution-logo-color-on-transparent-background.png\" class=\"attachment-full size-full wp-image-566\" alt=\"\" srcset=\"https:\/\/bierdeckeli.ch\/wp-content\/uploads\/2023\/07\/bierdeckeli-werbung-high-resolution-logo-color-on-transparent-background.png 2000w, https:\/\/bierdeckeli.ch\/wp-content\/uploads\/2023\/07\/bierdeckeli-werbung-high-resolution-logo-color-on-transparent-background-300x241.png 300w, https:\/\/bierdeckeli.ch\/wp-content\/uploads\/2023\/07\/bierdeckeli-werbung-high-resolution-logo-color-on-transparent-background-1024x823.png 1024w, https:\/\/bierdeckeli.ch\/wp-content\/uploads\/2023\/07\/bierdeckeli-werbung-high-resolution-logo-color-on-transparent-background-768x617.png 768w, https:\/\/bierdeckeli.ch\/wp-content\/uploads\/2023\/07\/bierdeckeli-werbung-high-resolution-logo-color-on-transparent-background-1536x1234.png 1536w\" sizes=\"(max-width: 2000px) 100vw, 2000px\" \/>\t\t\t\t\t\t\t\t\t\t\t\t\t\t\t<\/div>\n\t\t\t\t<\/div>\n\t\t\t\t<\/div>\n\t\t<div class=\"elementor-element elementor-element-37506dc e-con-full e-flex e-con e-parent\" data-id=\"37506dc\" data-element_type=\"container\" data-settings=\"{&quot;background_background&quot;:&quot;classic&quot;,&quot;content_width&quot;:&quot;full&quot;}\" data-core-v316-plus=\"true\">\n\t\t<div class=\"elementor-element elementor-element-5c601b3 e-con-full e-flex e-con e-child\" data-id=\"5c601b3\" data-element_type=\"container\" data-settings=\"{&quot;content_width&quot;:&quot;full&quot;}\">\n\t\t\t\t<div class=\"elementor-element elementor-element-55031f6 elementor-widget elementor-widget-text-editor\" data-id=\"55031f6\" data-element_type=\"widget\" data-widget_type=\"text-editor.default\">\n\t\t\t\t<div class=\"elementor-widget-container\">\n\t\t\t<style>\/*! elementor - v3.18.0 - 08-12-2023 *\/\n.elementor-widget-text-editor.elementor-drop-cap-view-stacked .elementor-drop-cap{background-color:#69727d;color:#fff}.elementor-widget-text-editor.elementor-drop-cap-view-framed .elementor-drop-cap{color:#69727d;border:3px solid;background-color:transparent}.elementor-widget-text-editor:not(.elementor-drop-cap-view-default) .elementor-drop-cap{margin-top:8px}.elementor-widget-text-editor:not(.elementor-drop-cap-view-default) .elementor-drop-cap-letter{width:1em;height:1em}.elementor-widget-text-editor .elementor-drop-cap{float:left;text-align:center;line-height:1;font-size:50px}.elementor-widget-text-editor .elementor-drop-cap-letter{display:inline-block}<\/style>\t\t\t\t<p>So einfach gehts:<\/p>\t\t\t\t\t\t<\/div>\n\t\t\t\t<\/div>\n\t\t\t\t<div class=\"elementor-element elementor-element-0fef8b5 elementor-widget elementor-widget-text-editor\" data-id=\"0fef8b5\" data-element_type=\"widget\" data-widget_type=\"text-editor.default\">\n\t\t\t\t<div class=\"elementor-widget-container\">\n\t\t\t\t\t\t\t<p>1. W\u00e4hle ein Sujet (1 Firma &#8211; 1 Sujet)<br \/>2. Schick uns Dein Logo<br \/>&#8230;.die Verteilung in Restaurants erledigen wir!<\/p>\t\t\t\t\t\t<\/div>\n\t\t\t\t<\/div>\n\t\t\t\t<\/div>\n\t\t\t\t<\/div>\n\t\t<div class=\"elementor-element elementor-element-a8b61ec e-con-full e-flex e-con e-parent\" data-id=\"a8b61ec\" data-element_type=\"container\" data-settings=\"{&quot;content_width&quot;:&quot;full&quot;}\" data-core-v316-plus=\"true\">\n\t\t<div class=\"elementor-element elementor-element-c182dc0 e-con-full e-flex e-con e-child\" data-id=\"c182dc0\" data-element_type=\"container\" data-settings=\"{&quot;content_width&quot;:&quot;full&quot;}\">\n\t\t\t\t<div class=\"elementor-element elementor-element-e818abc elementor-widget elementor-widget-heading\" data-id=\"e818abc\" data-element_type=\"widget\" data-widget_type=\"heading.default\">\n\t\t\t\t<div class=\"elementor-widget-container\">\n\t\t\t<style>\/*! elementor - v3.18.0 - 08-12-2023 *\/\n.elementor-heading-title{padding:0;margin:0;line-height:1}.elementor-widget-heading .elementor-heading-title[class*=elementor-size-]>a{color:inherit;font-size:inherit;line-height:inherit}.elementor-widget-heading .elementor-heading-title.elementor-size-small{font-size:15px}.elementor-widget-heading .elementor-heading-title.elementor-size-medium{font-size:19px}.elementor-widget-heading .elementor-heading-title.elementor-size-large{font-size:29px}.elementor-widget-heading .elementor-heading-title.elementor-size-xl{font-size:39px}.elementor-widget-heading .elementor-heading-title.elementor-size-xxl{font-size:59px}<\/style><h2 class=\"elementor-heading-title elementor-size-default\">Unsere D\u00f6rfer.<\/h2>\t\t<\/div>\n\t\t\t\t<\/div>\n\t\t\t\t<div class=\"elementor-element elementor-element-15bfbc0 elementor-skin-carousel elementor-arrows-yes elementor-pagination-type-bullets elementor-pagination-position-outside elementor-widget elementor-widget-media-carousel\" data-id=\"15bfbc0\" data-element_type=\"widget\" data-settings=\"{&quot;speed&quot;:400,&quot;slides_per_view&quot;:&quot;4&quot;,&quot;skin&quot;:&quot;carousel&quot;,&quot;effect&quot;:&quot;slide&quot;,&quot;show_arrows&quot;:&quot;yes&quot;,&quot;pagination&quot;:&quot;bullets&quot;,&quot;autoplay&quot;:&quot;yes&quot;,&quot;autoplay_speed&quot;:5000,&quot;loop&quot;:&quot;yes&quot;,&quot;space_between&quot;:{&quot;unit&quot;:&quot;px&quot;,&quot;size&quot;:10,&quot;sizes&quot;:[]},&quot;space_between_tablet&quot;:{&quot;unit&quot;:&quot;px&quot;,&quot;size&quot;:10,&quot;sizes&quot;:[]},&quot;space_between_mobile&quot;:{&quot;unit&quot;:&quot;px&quot;,&quot;size&quot;:10,&quot;sizes&quot;:[]}}\" data-widget_type=\"media-carousel.default\">\n\t\t\t\t<div class=\"elementor-widget-container\">\n\t\t\t<link rel=\"stylesheet\" href=\"https:\/\/bierdeckeli.ch\/wp-content\/plugins\/elementor-pro\/assets\/css\/widget-carousel.min.css\">\t\t<div class=\"elementor-swiper\">\n\t\t\t<div class=\"elementor-main-swiper swiper-container\">\n\t\t\t\t<div class=\"swiper-wrapper\">\n\t\t\t\t\t\t\t\t\t\t\t<div class=\"swiper-slide\">\n\t\t\t\t\t\t\t<a href=\"https:\/\/bierdeckeli.ch\/?page_id=1204&#038;preview_id=1204&#038;preview_nonce=7b28268ab1&#038;preview=true\">\t\t<div class=\"elementor-carousel-image\" role=\"img\" aria-label=\"4\" style=\"background-image: url(&#039;https:\/\/bierdeckeli.ch\/wp-content\/uploads\/2023\/12\/4.png&#039;)\">\n\n\t\t\t\n\t\t\t\t\t<\/div>\n\t\t<\/a>\t\t\t\t\t\t<\/div>\n\t\t\t\t\t\t\t\t\t\t\t<div class=\"swiper-slide\">\n\t\t\t\t\t\t\t<a href=\"https:\/\/bierdeckeli.ch\/?page_id=259\">\t\t<div class=\"elementor-carousel-image\" role=\"img\" aria-label=\"Kirche\" style=\"background-image: url(&#039;https:\/\/bierdeckeli.ch\/wp-content\/uploads\/2023\/07\/Kirche.jpg&#039;)\">\n\n\t\t\t\n\t\t\t\t\t<\/div>\n\t\t<\/a>\t\t\t\t\t\t<\/div>\n\t\t\t\t\t\t\t\t\t\t\t<div class=\"swiper-slide\">\n\t\t\t\t\t\t\t<a href=\"https:\/\/bierdeckeli.ch\/?page_id=49\">\t\t<div class=\"elementor-carousel-image\" role=\"img\" aria-label=\"kirche\" style=\"background-image: url(&#039;https:\/\/bierdeckeli.ch\/wp-content\/uploads\/2023\/07\/kirche-5.jpg&#039;)\">\n\n\t\t\t\n\t\t\t\t\t<\/div>\n\t\t<\/a>\t\t\t\t\t\t<\/div>\n\t\t\t\t\t\t\t\t\t\t\t<div class=\"swiper-slide\">\n\t\t\t\t\t\t\t<a href=\"https:\/\/bierdeckeli.ch\/?page_id=1059\">\t\t<div class=\"elementor-carousel-image\" role=\"img\" aria-label=\"Kirche\" style=\"background-image: url(&#039;https:\/\/bierdeckeli.ch\/wp-content\/uploads\/2023\/07\/Kirche-3.jpg&#039;)\">\n\n\t\t\t\n\t\t\t\t\t<\/div>\n\t\t<\/a>\t\t\t\t\t\t<\/div>\n\t\t\t\t\t\t\t\t\t<\/div>\n\t\t\t\t\t\t\t\t\t\t\t\t\t\t\t<div class=\"swiper-pagination\"><\/div>\n\t\t\t\t\t\t\t\t\t\t\t\t\t\t\t\t<div class=\"elementor-swiper-button elementor-swiper-button-prev\" role=\"button\" tabindex=\"0\">\n\t\t\t\t\t\t\t<i aria-hidden=\"true\" class=\"eicon-chevron-left\"><\/i>\t\t\t\t\t\t\t<span class=\"elementor-screen-only\">Voriger<\/span>\n\t\t\t\t\t\t<\/div>\n\t\t\t\t\t\t<div class=\"elementor-swiper-button elementor-swiper-button-next\" role=\"button\" tabindex=\"0\">\n\t\t\t\t\t\t\t<i aria-hidden=\"true\" class=\"eicon-chevron-right\"><\/i>\t\t\t\t\t\t\t<span class=\"elementor-screen-only\">N\u00e4chster<\/span>\n\t\t\t\t\t\t<\/div>\n\t\t\t\t\t\t\t\t\t\t\t\t<\/div>\n\t\t<\/div>\n\t\t\t\t<\/div>\n\t\t\t\t<\/div>\n\t\t\t\t<\/div>\n\t\t\t\t<\/div>\n\t\t<div class=\"elementor-element elementor-element-569505a e-con-full e-flex e-con e-parent\" data-id=\"569505a\" data-element_type=\"container\" data-settings=\"{&quot;background_background&quot;:&quot;classic&quot;,&quot;content_width&quot;:&quot;full&quot;}\" data-core-v316-plus=\"true\">\n\t\t<div class=\"elementor-element elementor-element-6bb0590 elementor-hidden-mobile e-con-full e-flex elementor-invisible e-con e-child\" data-id=\"6bb0590\" data-element_type=\"container\" data-settings=\"{&quot;animation&quot;:&quot;fadeInLeft&quot;,&quot;background_background&quot;:&quot;classic&quot;,&quot;content_width&quot;:&quot;full&quot;}\">\n\t\t\t\t<div class=\"elementor-element elementor-element-4e9da92 elementor-widget elementor-widget-image\" data-id=\"4e9da92\" data-element_type=\"widget\" data-widget_type=\"image.default\">\n\t\t\t\t<div class=\"elementor-widget-container\">\n\t\t\t\t\t\t\t\t\t\t\t\t\t\t\t<img decoding=\"async\" width=\"1024\" height=\"1024\" src=\"https:\/\/bierdeckeli.ch\/wp-content\/uploads\/2023\/07\/HG-Bierdeckel.png\" class=\"attachment-full size-full wp-image-345\" alt=\"\" srcset=\"https:\/\/bierdeckeli.ch\/wp-content\/uploads\/2023\/07\/HG-Bierdeckel.png 1024w, https:\/\/bierdeckeli.ch\/wp-content\/uploads\/2023\/07\/HG-Bierdeckel-300x300.png 300w, https:\/\/bierdeckeli.ch\/wp-content\/uploads\/2023\/07\/HG-Bierdeckel-150x150.png 150w, https:\/\/bierdeckeli.ch\/wp-content\/uploads\/2023\/07\/HG-Bierdeckel-768x768.png 768w, https:\/\/bierdeckeli.ch\/wp-content\/uploads\/2023\/07\/HG-Bierdeckel-600x600.png 600w\" sizes=\"(max-width: 1024px) 100vw, 1024px\" \/>\t\t\t\t\t\t\t\t\t\t\t\t\t\t\t<\/div>\n\t\t\t\t<\/div>\n\t\t\t\t<\/div>\n\t\t<div class=\"elementor-element elementor-element-15d1bed e-con-full e-flex elementor-invisible e-con e-child\" data-id=\"15d1bed\" data-element_type=\"container\" data-settings=\"{&quot;animation&quot;:&quot;fadeInRight&quot;,&quot;animation_mobile&quot;:&quot;none&quot;,&quot;content_width&quot;:&quot;full&quot;}\">\n\t\t\t\t<div class=\"elementor-element elementor-element-5d4143f elementor-hidden-mobile elementor-widget elementor-widget-heading\" data-id=\"5d4143f\" data-element_type=\"widget\" data-widget_type=\"heading.default\">\n\t\t\t\t<div class=\"elementor-widget-container\">\n\t\t\t<h5 class=\"elementor-heading-title elementor-size-default\">EFFEKTIVE UND G\u00dcNSTIGE WERBUNG<\/h5>\t\t<\/div>\n\t\t\t\t<\/div>\n\t\t\t\t<div class=\"elementor-element elementor-element-f6422e7 elementor-widget elementor-widget-heading\" data-id=\"f6422e7\" data-element_type=\"widget\" data-widget_type=\"heading.default\">\n\t\t\t\t<div class=\"elementor-widget-container\">\n\t\t\t<h2 class=\"elementor-heading-title elementor-size-default\">Mach Dein Unternehmen <br>un\u00fcbersehbar<\/h2>\t\t<\/div>\n\t\t\t\t<\/div>\n\t\t\t\t<div class=\"elementor-element elementor-element-48d62c7 elementor-widget elementor-widget-text-editor\" data-id=\"48d62c7\" data-element_type=\"widget\" data-widget_type=\"text-editor.default\">\n\t\t\t\t<div class=\"elementor-widget-container\">\n\t\t\t\t\t\t\t<p>Wir bieten Dir die Gelegenheit, 1.000 personalisierte Bierdeckel mit deinem Logo in den umliegenden Restaurants zu verteilen.<\/p>\n<p>Dein Logo zieht die neugierigen Blicke der G\u00e4ste auf sich, w\u00e4hrend sie ihre Getr\u00e4nke geniessen. Mit dieser cleveren Werbemassnahme steigerst du Deine Pr\u00e4senz und er\u00f6ffnest neue Gesch\u00e4ftsm\u00f6glichkeiten.<\/p>\n<p>Z\u00f6gere und verpasse nicht diese einmalige Chance!<\/p>\n<p>SFr. 300.-\/1&#8217;000 Bierdeckel<\/p>\t\t\t\t\t\t<\/div>\n\t\t\t\t<\/div>\n\t\t\t\t<\/div>\n\t\t\t\t<\/div>\n\t\t<div class=\"elementor-element elementor-element-2771130 e-con-full e-flex e-con e-parent\" data-id=\"2771130\" data-element_type=\"container\" data-settings=\"{&quot;background_background&quot;:&quot;classic&quot;,&quot;content_width&quot;:&quot;full&quot;}\" data-core-v316-plus=\"true\">\n\t\t<div class=\"elementor-element elementor-element-ed744ea e-con-full e-flex elementor-invisible e-con e-child\" data-id=\"ed744ea\" data-element_type=\"container\" data-settings=\"{&quot;animation&quot;:&quot;fadeInLeft&quot;,&quot;background_background&quot;:&quot;classic&quot;,&quot;content_width&quot;:&quot;full&quot;}\">\n\t\t\t\t<div class=\"elementor-element elementor-element-eb63882 elementor-widget elementor-widget-image\" data-id=\"eb63882\" data-element_type=\"widget\" data-widget_type=\"image.default\">\n\t\t\t\t<div class=\"elementor-widget-container\">\n\t\t\t\t\t\t\t\t\t\t\t\t\t\t\t<img decoding=\"async\" width=\"1024\" height=\"1024\" src=\"https:\/\/bierdeckeli.ch\/wp-content\/uploads\/2023\/07\/DECKELREIHE.png\" class=\"attachment-full size-full wp-image-44\" alt=\"\" srcset=\"https:\/\/bierdeckeli.ch\/wp-content\/uploads\/2023\/07\/DECKELREIHE.png 1024w, https:\/\/bierdeckeli.ch\/wp-content\/uploads\/2023\/07\/DECKELREIHE-300x300.png 300w, https:\/\/bierdeckeli.ch\/wp-content\/uploads\/2023\/07\/DECKELREIHE-150x150.png 150w, https:\/\/bierdeckeli.ch\/wp-content\/uploads\/2023\/07\/DECKELREIHE-768x768.png 768w, https:\/\/bierdeckeli.ch\/wp-content\/uploads\/2023\/07\/DECKELREIHE-600x600.png 600w\" sizes=\"(max-width: 1024px) 100vw, 1024px\" \/>\t\t\t\t\t\t\t\t\t\t\t\t\t\t\t<\/div>\n\t\t\t\t<\/div>\n\t\t\t\t<\/div>\n\t\t<div class=\"elementor-element elementor-element-d651872 e-con-full e-flex elementor-invisible e-con e-child\" data-id=\"d651872\" data-element_type=\"container\" data-settings=\"{&quot;animation&quot;:&quot;fadeInRight&quot;,&quot;animation_mobile&quot;:&quot;none&quot;,&quot;content_width&quot;:&quot;full&quot;}\">\n\t\t\t\t<div class=\"elementor-element elementor-element-0ddbfde elementor-widget elementor-widget-heading\" data-id=\"0ddbfde\" data-element_type=\"widget\" data-widget_type=\"heading.default\">\n\t\t\t\t<div class=\"elementor-widget-container\">\n\t\t\t<h2 class=\"elementor-heading-title elementor-size-default\">Deshalb funktioniert Bierdeckelwerbung<\/h2>\t\t<\/div>\n\t\t\t\t<\/div>\n\t\t\t\t<div class=\"elementor-element elementor-element-57e1c0c elementor-widget elementor-widget-text-editor\" data-id=\"57e1c0c\" data-element_type=\"widget\" data-widget_type=\"text-editor.default\">\n\t\t\t\t<div class=\"elementor-widget-container\">\n\t\t\t\t\t\t\t<p><strong>9 VON 10 G\u00c4STEN NUTZEN BIERDECKEL<br \/><\/strong>Der Bierdeckel \u2013 allgegenw\u00e4rtig und faszinierend. Ein Objekt, das die Menschen nutzen, ergreifen, betrachten, drehen und damit spielen.<\/p><p><strong>BIERDECKELWERBUNG MACHT WERBUNG SYMPHATISCHER ALS ANDERE WERBEMITTEL<br \/><\/strong>Unvergessliche Bierdeckel-Werbung: 45,9 % haben sie im Ged\u00e4chtnis und 73,9 % nehmen interessante Bierdeckel sogar als Andenken mit nach Hause.<\/p><p><strong>92% DER GASTRONOMEN NUTZEN STANDARDISIERTE BIERDECKEL<br \/><\/strong>\u2026und w\u00fcnschen sich mehr kreative Abwechslung.<\/p>\t\t\t\t\t\t<\/div>\n\t\t\t\t<\/div>\n\t\t\t\t<\/div>\n\t\t\t\t<\/div>\n\t\t<div class=\"elementor-element elementor-element-8b1bfe7 e-con-full e-flex e-con e-parent\" data-id=\"8b1bfe7\" data-element_type=\"container\" data-settings=\"{&quot;background_background&quot;:&quot;classic&quot;,&quot;content_width&quot;:&quot;full&quot;}\" data-core-v316-plus=\"true\">\n\t\t<div class=\"elementor-element elementor-element-71dccb4 e-con-full e-flex e-con e-child\" data-id=\"71dccb4\" data-element_type=\"container\" data-settings=\"{&quot;content_width&quot;:&quot;full&quot;}\">\n\t\t\t\t<div class=\"elementor-element elementor-element-0e1a1a5 elementor-widget-mobile__width-inherit elementor-widget elementor-widget-heading\" data-id=\"0e1a1a5\" data-element_type=\"widget\" data-widget_type=\"heading.default\">\n\t\t\t\t<div class=\"elementor-widget-container\">\n\t\t\t<h5 class=\"elementor-heading-title elementor-size-default\">Werbung die auff\u00e4llt.<\/h5>\t\t<\/div>\n\t\t\t\t<\/div>\n\t\t\t\t<div class=\"elementor-element elementor-element-0ce24ed elementor-widget-mobile__width-inherit elementor-widget elementor-widget-heading\" data-id=\"0ce24ed\" data-element_type=\"widget\" data-widget_type=\"heading.default\">\n\t\t\t\t<div class=\"elementor-widget-container\">\n\t\t\t<h2 class=\"elementor-heading-title elementor-size-default\">M. Schaub - Bar zum scharfe Egg <br> Aeschstrasse 2, 4107 Ettingen<br>marc.schaub@scharfe-egg.ch<br><br><br>Konzipiert bei krea41.ch<\/h2>\t\t<\/div>\n\t\t\t\t<\/div>\n\t\t\t\t<\/div>\n\t\t\t\t<\/div>\n\t\t\t\t\t\t\t<\/div>\n\t\t","protected":false},"excerpt":{"rendered":"<p>So einfach gehts: 1. W\u00e4hle ein Sujet (1 Firma &#8211; 1 Sujet)2. Schick uns Dein Logo&#8230;.die Verteilung in Restaurants erledigen wir! Unsere D\u00f6rfer. Voriger N\u00e4chster EFFEKTIVE UND G\u00dcNSTIGE WERBUNG Mach Dein Unternehmen un\u00fcbersehbar Wir bieten Dir die Gelegenheit, 1.000 personalisierte Bierdeckel mit deinem Logo in den umliegenden Restaurants zu verteilen. Dein Logo zieht die neugierigen [&hellip;]<\/p>\n","protected":false},"author":1,"featured_media":0,"parent":0,"menu_order":0,"comment_status":"closed","ping_status":"closed","template":"","meta":{"footnotes":""},"jetpack_sharing_enabled":true,"_links":{"self":[{"href":"https:\/\/bierdeckeli.ch\/index.php?rest_route=\/wp\/v2\/pages\/1019"}],"collection":[{"href":"https:\/\/bierdeckeli.ch\/index.php?rest_route=\/wp\/v2\/pages"}],"about":[{"href":"https:\/\/bierdeckeli.ch\/index.php?rest_route=\/wp\/v2\/types\/page"}],"author":[{"embeddable":true,"href":"https:\/\/bierdeckeli.ch\/index.php?rest_route=\/wp\/v2\/users\/1"}],"replies":[{"embeddable":true,"href":"https:\/\/bierdeckeli.ch\/index.php?rest_route=%2Fwp%2Fv2%2Fcomments&post=1019"}],"version-history":[{"count":80,"href":"https:\/\/bierdeckeli.ch\/index.php?rest_route=\/wp\/v2\/pages\/1019\/revisions"}],"predecessor-version":[{"id":1219,"href":"https:\/\/bierdeckeli.ch\/index.php?rest_route=\/wp\/v2\/pages\/1019\/revisions\/1219"}],"wp:attachment":[{"href":"https:\/\/bierdeckeli.ch\/index.php?rest_route=%2Fwp%2Fv2%2Fmedia&parent=1019"}],"curies":[{"name":"wp","href":"https:\/\/api.w.org\/{rel}","templated":true}]}}